{"id":956,"date":"2019-04-01T21:56:44","date_gmt":"2019-04-01T19:56:44","guid":{"rendered":"http:\/\/3mna.fr\/?page_id=956"},"modified":"2019-06-23T18:41:07","modified_gmt":"2019-06-23T16:41:07","slug":"defiscalisation-association-3mna","status":"publish","type":"page","link":"https:\/\/3mna.fr\/index.php\/defiscalisation-association-3mna\/","title":{"rendered":"Defiscalisation"},"content":{"rendered":"\t\t<div data-elementor-type=\"wp-post\" data-elementor-id=\"956\" class=\"elementor elementor-956\">\n\t\t\t\t\t\t<section class=\"elementor-section elementor-top-section elementor-element elementor-element-bddd808 elementor-section-boxed elementor-section-height-default elementor-section-height-default\" data-id=\"bddd808\" data-element_type=\"section\" data-e-type=\"section\">\n\t\t\t\t\t\t<div class=\"elementor-container elementor-column-gap-default\">\n\t\t\t\t\t<div class=\"elementor-column elementor-col-100 elementor-top-column elementor-element elementor-element-d91b39e\" data-id=\"d91b39e\" data-element_type=\"column\" data-e-type=\"column\">\n\t\t\t<div class=\"elementor-widget-wrap elementor-element-populated\">\n\t\t\t\t\t\t<div class=\"elementor-element elementor-element-ac2f359 elementor-widget elementor-widget-heading\" data-id=\"ac2f359\" data-element_type=\"widget\" data-e-type=\"widget\" data-widget_type=\"heading.default\">\n\t\t\t\t<div class=\"elementor-widget-container\">\n\t\t\t\t\t<h2 class=\"elementor-heading-title elementor-size-default\">D\u00e9fiscalisation<\/h2>\t\t\t\t<\/div>\n\t\t\t\t<\/div>\n\t\t\t\t\t<\/div>\n\t\t<\/div>\n\t\t\t\t\t<\/div>\n\t\t<\/section>\n\t\t\t\t<section class=\"elementor-section elementor-top-section elementor-element elementor-element-8241a74 elementor-section-boxed elementor-section-height-default elementor-section-height-default\" data-id=\"8241a74\" data-element_type=\"section\" data-e-type=\"section\">\n\t\t\t\t\t\t<div class=\"elementor-container elementor-column-gap-default\">\n\t\t\t\t\t<div class=\"elementor-column elementor-col-100 elementor-top-column elementor-element elementor-element-45fa096\" data-id=\"45fa096\" data-element_type=\"column\" data-e-type=\"column\">\n\t\t\t<div class=\"elementor-widget-wrap elementor-element-populated\">\n\t\t\t\t\t\t<div class=\"elementor-element elementor-element-9f020cb elementor-widget elementor-widget-text-editor\" data-id=\"9f020cb\" data-element_type=\"widget\" data-e-type=\"widget\" data-widget_type=\"text-editor.default\">\n\t\t\t\t<div class=\"elementor-widget-container\">\n\t\t\t\t\t\t\t\t\t<h4 class=\"font_8\">Voulez vous b\u00e9n\u00e9ficier d&rsquo;une d\u00e9fiscalisation de vos frais que vous avez engag\u00e9s pour le compte du Montpellier Natation Artistique (3MNA)?<\/h4><p class=\"font_8\">Le conseil d\u2019administration du 3MNA a d\u00e9cid\u00e9, lors de la s\u00e9ance du 12 d\u00e9cembre 2015, d\u2019appliquer, pour ses b\u00e9n\u00e9voles, le dispositif de d\u00e9fiscalisation des frais qu\u2019ils ont engag\u00e9s pour le compte de l\u2019association.<\/p><p>En effet, l\u2019association ne rembourse pas toujours ses b\u00e9n\u00e9voles pour les d\u00e9penses que ceux-ci engagent dans le cadre des activit\u00e9s du club.<\/p><p>\u00a0<\/p><p><strong>Qu&rsquo;est que le B\u00e9n\u00e9volat ?<\/strong><\/p><p>Le b\u00e9n\u00e9vole de l&rsquo;association est toute personne qui participe \u00e0 l\u2019animation et au fonctionnement du club, sans contrepartie ni r\u00e9mun\u00e9ration.<\/p><p>Les frais non rembours\u00e9s, peuvent permettre d\u2019obtenir une r\u00e9duction d&rsquo;imp\u00f4t. Pour cela, le b\u00e9n\u00e9vole doit les porter sur sa d\u00e9claration de revenus sous r\u00e9serve de les avoir pr\u00e9alablement d\u00e9clar\u00e9s au club qui d\u00e9livrera un re\u00e7u fiscal. Le dispositif de r\u00e9duction d&rsquo;imp\u00f4t ne pr\u00e9sente d&rsquo;int\u00e9r\u00eat que pour un b\u00e9n\u00e9vole imposable \u00e0 l&rsquo;imp\u00f4t sur le revenu.<\/p><p>Ces d\u00e9penses doivent \u00eatre justifi\u00e9es (frais de d\u00e9placements, factures d&rsquo;achat de biens ou de services, notes de p\u00e9ages, de parking, d\u2019h\u00f4tel, etc.). L&rsquo;association conserve les justificatifs. Le remboursement des frais de v\u00e9hicule peut \u00eatre calcul\u00e9 \u00e0 l&rsquo;aide du bar\u00e8me sp\u00e9cifique d\u00e9fini par l&rsquo;administration fiscale (exemple du v\u00e9hicule automobile : 0,308 \u20ac par kilom\u00e8tre).<\/p><p>\u00a0<\/p><p><strong>Quelles sont les d\u00e9clarations \u00e0 faire pour le b\u00e9n\u00e9vole ?<\/strong><\/p><ul class=\"font_8\"><li><p class=\"font_8\">envoyer \u00e0 l\u2019association une note de frais, accompagn\u00e9e des justificatifs, constatant les frais engag\u00e9s avant le 31\/01 de l\u2019ann\u00e9e N+1 (d\u00e9lai de rigueur). Vous pouvez t\u00e9l\u00e9charger le mod\u00e8le (<a href=\"http:\/\/docs.wixstatic.com\/ugd\/71c5f1_2c10009040b74760a2e581558407f18c.pdf\" target=\"_blank\" rel=\"noopener\"><strong><span style=\"color: #ff0000;\">cliquez ici<\/span><\/strong>)<\/a>. L\u2019association d\u00e9livre ensuite un re\u00e7u fiscal,<\/p><\/li><\/ul><ul class=\"font_8\"><li><p class=\"font_8\">porter sur sa d\u00e9claration de revenu (dons aux \u0153uvres \u2026), la somme correspondant aux frais non rembours\u00e9e par l\u2019association figurant sur le re\u00e7u,<\/p><\/li><\/ul><ul class=\"font_8\"><li><p class=\"font_8\">joindre \u00e0 sa d\u00e9claration de revenu le re\u00e7u fiscal d\u00e9livr\u00e9 par l\u2019association (ou \u00e0 conserver en cas de t\u00e9l\u00e9d\u00e9claration par internet).<\/p><\/li><\/ul><p class=\"font_8\"><strong>La r\u00e9duction d&rsquo;imp\u00f4t est \u00e9gale \u00e0 66% du montant d\u00e9clar\u00e9 des frais non rembours\u00e9s dans la limite de 20% du revenu<\/strong> imposable.<\/p><p class=\"font_8\">\u00a0<\/p>\t\t\t\t\t\t\t\t<\/div>\n\t\t\t\t<\/div>\n\t\t\t\t\t<\/div>\n\t\t<\/div>\n\t\t\t\t\t<\/div>\n\t\t<\/section>\n\t\t\t\t<\/div>\n\t\t","protected":false},"excerpt":{"rendered":"<p>D\u00e9fiscalisation Voulez vous b\u00e9n\u00e9ficier d&rsquo;une d\u00e9fiscalisation de vos frais que vous avez engag\u00e9s pour le compte du Montpellier Natation Artistique (3MNA)? Le conseil d\u2019administration du 3MNA a d\u00e9cid\u00e9, lors de [&hellip;]<\/p>\n","protected":false},"author":3,"featured_media":0,"parent":0,"menu_order":0,"comment_status":"closed","ping_status":"closed","template":"","meta":{"footnotes":""},"class_list":["post-956","page","type-page","status-publish","hentry"],"_links":{"self":[{"href":"https:\/\/3mna.fr\/index.php\/wp-json\/wp\/v2\/pages\/956","targetHints":{"allow":["GET"]}}],"collection":[{"href":"https:\/\/3mna.fr\/index.php\/wp-json\/wp\/v2\/pages"}],"about":[{"href":"https:\/\/3mna.fr\/index.php\/wp-json\/wp\/v2\/types\/page"}],"author":[{"embeddable":true,"href":"https:\/\/3mna.fr\/index.php\/wp-json\/wp\/v2\/users\/3"}],"replies":[{"embeddable":true,"href":"https:\/\/3mna.fr\/index.php\/wp-json\/wp\/v2\/comments?post=956"}],"version-history":[{"count":11,"href":"https:\/\/3mna.fr\/index.php\/wp-json\/wp\/v2\/pages\/956\/revisions"}],"predecessor-version":[{"id":1255,"href":"https:\/\/3mna.fr\/index.php\/wp-json\/wp\/v2\/pages\/956\/revisions\/1255"}],"wp:attachment":[{"href":"https:\/\/3mna.fr\/index.php\/wp-json\/wp\/v2\/media?parent=956"}],"curies":[{"name":"wp","href":"https:\/\/api.w.org\/{rel}","templated":true}]}}