{"id":58,"date":"2018-08-13T19:39:06","date_gmt":"2018-08-13T17:39:06","guid":{"rendered":"http:\/\/3mna.fr\/?page_id=58"},"modified":"2026-03-22T23:47:51","modified_gmt":"2026-03-22T22:47:51","slug":"le-3mna","status":"publish","type":"page","link":"https:\/\/3mna.fr\/index.php\/le-3mna\/","title":{"rendered":"Les valeurs du 3MNA"},"content":{"rendered":"\t\t<div data-elementor-type=\"wp-post\" data-elementor-id=\"58\" class=\"elementor elementor-58\">\n\t\t\t\t\t\t<section class=\"elementor-section elementor-top-section elementor-element elementor-element-8c55005 elementor-section-boxed elementor-section-height-default elementor-section-height-default\" data-id=\"8c55005\" data-element_type=\"section\" data-e-type=\"section\">\n\t\t\t\t\t\t<div class=\"elementor-container elementor-column-gap-default\">\n\t\t\t\t\t<div class=\"elementor-column elementor-col-100 elementor-top-column elementor-element elementor-element-ec8e85c\" data-id=\"ec8e85c\" data-element_type=\"column\" data-e-type=\"column\">\n\t\t\t<div class=\"elementor-widget-wrap elementor-element-populated\">\n\t\t\t\t\t\t<div class=\"elementor-element elementor-element-25d80b6 elementor-widget elementor-widget-heading\" data-id=\"25d80b6\" data-element_type=\"widget\" data-e-type=\"widget\" data-widget_type=\"heading.default\">\n\t\t\t\t<div class=\"elementor-widget-container\">\n\t\t\t\t\t<h2 class=\"elementor-heading-title elementor-size-default\">Montpellier M\u00e9diterran\u00e9e M\u00e9tropole Natation Artistique<\/h2>\t\t\t\t<\/div>\n\t\t\t\t<\/div>\n\t\t\t\t\t<\/div>\n\t\t<\/div>\n\t\t\t\t\t<\/div>\n\t\t<\/section>\n\t\t\t\t<section class=\"elementor-section elementor-top-section elementor-element elementor-element-5ca0c04 elementor-section-boxed elementor-section-height-default elementor-section-height-default\" data-id=\"5ca0c04\" data-element_type=\"section\" data-e-type=\"section\">\n\t\t\t\t\t\t<div class=\"elementor-container elementor-column-gap-default\">\n\t\t\t\t\t<div class=\"elementor-column elementor-col-100 elementor-top-column elementor-element elementor-element-1a89167\" data-id=\"1a89167\" data-element_type=\"column\" data-e-type=\"column\">\n\t\t\t<div class=\"elementor-widget-wrap elementor-element-populated\">\n\t\t\t\t\t\t<div class=\"elementor-element elementor-element-731a427 elementor-widget elementor-widget-text-editor\" data-id=\"731a427\" data-element_type=\"widget\" data-e-type=\"widget\" data-widget_type=\"text-editor.default\">\n\t\t\t\t<div class=\"elementor-widget-container\">\n\t\t\t\t\t\t\t\t\t<p data-path-to-node=\"4\">Depuis sa cr\u00e9ation en 1998, le <b data-path-to-node=\"4\" data-index-in-node=\"32\">Montpellier M\u00e9tropole Natation Artistique<\/b> s&rsquo;affirme comme l&rsquo;unique club de la m\u00e9tropole d\u00e9di\u00e9 \u00e0 cette discipline d&rsquo;exception, alliant rigueur sportive, gr\u00e2ce aquatique et expression artistique.<\/p><p data-path-to-node=\"5\">Fort de ses <b data-path-to-node=\"5\" data-index-in-node=\"12\">254 licenci\u00e9.es<\/b>, le club s&rsquo;appuie sur une \u00e9quipe technique d&rsquo;excellence: toutes nos entra\u00eeneures sont dipl\u00f4m\u00e9es et issues de la comp\u00e9tition de haut niveau, du rayonnement r\u00e9gional \u00e0 l&rsquo;envergure internationale.<\/p><p><span style=\"color: var( --e-global-color-text ); font-family: var( --e-global-typography-text-font-family ), Sans-serif; font-weight: var( --e-global-typography-text-font-weight );\">Port\u00e9 par un bureau de b\u00e9n\u00e9voles passionn\u00e9s, le 3MNA ne se contente pas de former des athl\u00e8tes; il cultive des valeurs humaines fortes. Si le travail et la performance individuelle sont au c\u0153ur de notre projet, ils ne s&rsquo;expriment jamais sans un <\/span><b style=\"color: var( --e-global-color-text ); font-family: var( --e-global-typography-text-font-family ), Sans-serif;\" data-path-to-node=\"6\" data-index-in-node=\"246\">esprit d&rsquo;\u00e9quipe ind\u00e9fectible<\/b><span style=\"color: var( --e-global-color-text ); font-family: var( --e-global-typography-text-font-family ), Sans-serif; font-weight: var( --e-global-typography-text-font-weight );\">.<\/span><\/p>\t\t\t\t\t\t\t\t<\/div>\n\t\t\t\t<\/div>\n\t\t\t\t<div class=\"elementor-element elementor-element-cd368d2 elementor-widget elementor-widget-spacer\" data-id=\"cd368d2\" data-element_type=\"widget\" data-e-type=\"widget\" data-widget_type=\"spacer.default\">\n\t\t\t\t<div class=\"elementor-widget-container\">\n\t\t\t\t\t\t\t<div class=\"elementor-spacer\">\n\t\t\t<div class=\"elementor-spacer-inner\"><\/div>\n\t\t<\/div>\n\t\t\t\t\t\t<\/div>\n\t\t\t\t<\/div>\n\t\t\t\t\t<\/div>\n\t\t<\/div>\n\t\t\t\t\t<\/div>\n\t\t<\/section>\n\t\t\t\t<section class=\"elementor-section elementor-top-section elementor-element elementor-element-ada9175 elementor-section-boxed elementor-section-height-default elementor-section-height-default\" data-id=\"ada9175\" data-element_type=\"section\" data-e-type=\"section\">\n\t\t\t\t\t\t<div class=\"elementor-container elementor-column-gap-default\">\n\t\t\t\t\t<div class=\"elementor-column elementor-col-100 elementor-top-column elementor-element elementor-element-ee90106\" data-id=\"ee90106\" data-element_type=\"column\" data-e-type=\"column\">\n\t\t\t<div class=\"elementor-widget-wrap elementor-element-populated\">\n\t\t\t\t\t\t<div class=\"elementor-element elementor-element-74a1f05 elementor-widget elementor-widget-heading\" data-id=\"74a1f05\" data-element_type=\"widget\" data-e-type=\"widget\" data-widget_type=\"heading.default\">\n\t\t\t\t<div class=\"elementor-widget-container\">\n\t\t\t\t\t<h2 class=\"elementor-heading-title elementor-size-default\">NOS VALEURS - l'esprit 3MNA<\/h2>\t\t\t\t<\/div>\n\t\t\t\t<\/div>\n\t\t\t\t<div class=\"elementor-element elementor-element-817a152 elementor-widget elementor-widget-heading\" data-id=\"817a152\" data-element_type=\"widget\" data-e-type=\"widget\" data-widget_type=\"heading.default\">\n\t\t\t\t<div class=\"elementor-widget-container\">\n\t\t\t\t\t<h3 class=\"elementor-heading-title elementor-size-default\">Bien plus qu'un club de natation, le 3MNA est une \u00e9cole de vie o\u00f9 l'excellence sportive rencontre l'\u00e9panouissement personnel.<\/h3>\t\t\t\t<\/div>\n\t\t\t\t<\/div>\n\t\t\t\t\t<\/div>\n\t\t<\/div>\n\t\t\t\t\t<\/div>\n\t\t<\/section>\n\t\t\t\t<section class=\"elementor-section elementor-top-section elementor-element elementor-element-b788d28 elementor-section-boxed elementor-section-height-default elementor-section-height-default\" data-id=\"b788d28\" data-element_type=\"section\" data-e-type=\"section\">\n\t\t\t\t\t\t<div class=\"elementor-container elementor-column-gap-default\">\n\t\t\t\t\t<div class=\"elementor-column elementor-col-100 elementor-top-column elementor-element elementor-element-9b155fb\" data-id=\"9b155fb\" data-element_type=\"column\" data-e-type=\"column\">\n\t\t\t<div class=\"elementor-widget-wrap elementor-element-populated\">\n\t\t\t\t\t\t<section class=\"elementor-section elementor-inner-section elementor-element elementor-element-bae2fdd elementor-section-boxed elementor-section-height-default elementor-section-height-default\" data-id=\"bae2fdd\" data-element_type=\"section\" data-e-type=\"section\">\n\t\t\t\t\t\t<div class=\"elementor-container elementor-column-gap-default\">\n\t\t\t\t\t<div class=\"elementor-column elementor-col-50 elementor-inner-column elementor-element elementor-element-da8b3c2\" data-id=\"da8b3c2\" data-element_type=\"column\" data-e-type=\"column\">\n\t\t\t<div class=\"elementor-widget-wrap elementor-element-populated\">\n\t\t\t\t\t\t<div class=\"elementor-element elementor-element-f820a37 elementor-widget-tablet__width-initial elementor-widget elementor-widget-image\" data-id=\"f820a37\" data-element_type=\"widget\" data-e-type=\"widget\" data-widget_type=\"image.default\">\n\t\t\t\t<div class=\"elementor-widget-container\">\n\t\t\t\t\t\t\t\t\t\t\t\t\t\t\t<img fetchpriority=\"high\" decoding=\"async\" width=\"254\" height=\"255\" src=\"https:\/\/3mna.fr\/wp-content\/uploads\/2026\/03\/Cible-1.jpg\" class=\"attachment-large size-large wp-image-37179\" alt=\"Exigence et discipline de la natation artistique\" srcset=\"https:\/\/3mna.fr\/wp-content\/uploads\/2026\/03\/Cible-1.jpg 254w, https:\/\/3mna.fr\/wp-content\/uploads\/2026\/03\/Cible-1-160x160.jpg 160w\" sizes=\"(max-width: 254px) 100vw, 254px\" \/>\t\t\t\t\t\t\t\t\t\t\t\t\t\t\t<\/div>\n\t\t\t\t<\/div>\n\t\t\t\t\t<\/div>\n\t\t<\/div>\n\t\t\t\t<div class=\"elementor-column elementor-col-50 elementor-inner-column elementor-element elementor-element-bfc4708\" data-id=\"bfc4708\" data-element_type=\"column\" data-e-type=\"column\">\n\t\t\t<div class=\"elementor-widget-wrap elementor-element-populated\">\n\t\t\t\t\t\t<div class=\"elementor-element elementor-element-fb41962 elementor-widget-tablet__width-initial elementor-widget elementor-widget-text-editor\" data-id=\"fb41962\" data-element_type=\"widget\" data-e-type=\"widget\" data-widget_type=\"text-editor.default\">\n\t\t\t\t<div class=\"elementor-widget-container\">\n\t\t\t\t\t\t\t\t\t<h3 data-path-to-node=\"5\">L&rsquo;exigence et le d\u00e9passement<\/h3><p data-path-to-node=\"6\">La natation artistique est une discipline de pr\u00e9cision. Nous cultivons le go\u00fbt de l&rsquo;effort et la rigueur n\u00e9cessaire pour transformer la technique en art. Au 3MNA, chaque entra\u00eenement est une opportunit\u00e9 de se d\u00e9passer, de repousser ses limites et de viser l&rsquo;excellence, quel que soit son niveau.<\/p>\t\t\t\t\t\t\t\t<\/div>\n\t\t\t\t<\/div>\n\t\t\t\t\t<\/div>\n\t\t<\/div>\n\t\t\t\t\t<\/div>\n\t\t<\/section>\n\t\t\t\t\t<\/div>\n\t\t<\/div>\n\t\t\t\t\t<\/div>\n\t\t<\/section>\n\t\t\t\t<section class=\"elementor-section elementor-top-section elementor-element elementor-element-5977e76 elementor-section-boxed elementor-section-height-default elementor-section-height-default\" data-id=\"5977e76\" data-element_type=\"section\" data-e-type=\"section\">\n\t\t\t\t\t\t<div class=\"elementor-container elementor-column-gap-default\">\n\t\t\t\t\t<div class=\"elementor-column elementor-col-100 elementor-top-column elementor-element elementor-element-ac113f9\" data-id=\"ac113f9\" data-element_type=\"column\" data-e-type=\"column\">\n\t\t\t<div class=\"elementor-widget-wrap elementor-element-populated\">\n\t\t\t\t\t\t<section class=\"elementor-section elementor-inner-section elementor-element elementor-element-0111440 elementor-section-boxed elementor-section-height-default elementor-section-height-default\" data-id=\"0111440\" data-element_type=\"section\" data-e-type=\"section\">\n\t\t\t\t\t\t<div class=\"elementor-container elementor-column-gap-default\">\n\t\t\t\t\t<div class=\"elementor-column elementor-col-50 elementor-inner-column elementor-element elementor-element-c6d7f6d\" data-id=\"c6d7f6d\" data-element_type=\"column\" data-e-type=\"column\">\n\t\t\t<div class=\"elementor-widget-wrap elementor-element-populated\">\n\t\t\t\t\t\t<div class=\"elementor-element elementor-element-3df7b7e elementor-widget elementor-widget-image\" data-id=\"3df7b7e\" data-element_type=\"widget\" data-e-type=\"widget\" data-widget_type=\"image.default\">\n\t\t\t\t<div class=\"elementor-widget-container\">\n\t\t\t\t\t\t\t\t\t\t\t\t\t\t\t<img decoding=\"async\" width=\"250\" height=\"172\" src=\"https:\/\/3mna.fr\/wp-content\/uploads\/2026\/03\/Solidarite-1.jpg\" class=\"attachment-large size-large wp-image-37180\" alt=\"Solidarit\u00e9 et esprit d&#039;\u00e9quipe\" \/>\t\t\t\t\t\t\t\t\t\t\t\t\t\t\t<\/div>\n\t\t\t\t<\/div>\n\t\t\t\t\t<\/div>\n\t\t<\/div>\n\t\t\t\t<div class=\"elementor-column elementor-col-50 elementor-inner-column elementor-element elementor-element-3b9f019\" data-id=\"3b9f019\" data-element_type=\"column\" data-e-type=\"column\">\n\t\t\t<div class=\"elementor-widget-wrap elementor-element-populated\">\n\t\t\t\t\t\t<div class=\"elementor-element elementor-element-a583620 elementor-widget elementor-widget-text-editor\" data-id=\"a583620\" data-element_type=\"widget\" data-e-type=\"widget\" data-widget_type=\"text-editor.default\">\n\t\t\t\t<div class=\"elementor-widget-container\">\n\t\t\t\t\t\t\t\t\t<h3 data-path-to-node=\"7\">La solidarit\u00e9 et le collectif<\/h3><p data-path-to-node=\"8\">Dans l&rsquo;eau, l&rsquo;unit\u00e9 fait la force. Nous pr\u00f4nons un esprit d&rsquo;\u00e9quipe infaillible o\u00f9 l&rsquo;entraide entre les nageurs et nageuses est primordiale. Cette coh\u00e9sion d\u00e9passe le bassin: elle forge des amiti\u00e9s durables et cr\u00e9e une communaut\u00e9 soud\u00e9e autour des couleurs de Montpellier.<\/p>\t\t\t\t\t\t\t\t<\/div>\n\t\t\t\t<\/div>\n\t\t\t\t\t<\/div>\n\t\t<\/div>\n\t\t\t\t\t<\/div>\n\t\t<\/section>\n\t\t\t\t\t<\/div>\n\t\t<\/div>\n\t\t\t\t\t<\/div>\n\t\t<\/section>\n\t\t\t\t<section class=\"elementor-section elementor-top-section elementor-element elementor-element-5b65347 elementor-section-boxed elementor-section-height-default elementor-section-height-default\" data-id=\"5b65347\" data-element_type=\"section\" data-e-type=\"section\">\n\t\t\t\t\t\t<div class=\"elementor-container elementor-column-gap-default\">\n\t\t\t\t\t<div class=\"elementor-column elementor-col-100 elementor-top-column elementor-element elementor-element-8d3fea4\" data-id=\"8d3fea4\" data-element_type=\"column\" data-e-type=\"column\">\n\t\t\t<div class=\"elementor-widget-wrap elementor-element-populated\">\n\t\t\t\t\t\t<section class=\"elementor-section elementor-inner-section elementor-element elementor-element-48e1155 elementor-section-boxed elementor-section-height-default elementor-section-height-default\" data-id=\"48e1155\" data-element_type=\"section\" data-e-type=\"section\">\n\t\t\t\t\t\t<div class=\"elementor-container elementor-column-gap-default\">\n\t\t\t\t\t<div class=\"elementor-column elementor-col-50 elementor-inner-column elementor-element elementor-element-8b27355\" data-id=\"8b27355\" data-element_type=\"column\" data-e-type=\"column\">\n\t\t\t<div class=\"elementor-widget-wrap elementor-element-populated\">\n\t\t\t\t\t\t<div class=\"elementor-element elementor-element-d4ad161 elementor-widget elementor-widget-image\" data-id=\"d4ad161\" data-element_type=\"widget\" data-e-type=\"widget\" data-widget_type=\"image.default\">\n\t\t\t\t<div class=\"elementor-widget-container\">\n\t\t\t\t\t\t\t\t\t\t\t\t\t\t\t<img decoding=\"async\" width=\"369\" height=\"136\" src=\"https:\/\/3mna.fr\/wp-content\/uploads\/2026\/03\/Bienveillance.jpg\" class=\"attachment-large size-large wp-image-37178\" alt=\"Epanouissement et\" srcset=\"https:\/\/3mna.fr\/wp-content\/uploads\/2026\/03\/Bienveillance.jpg 369w, https:\/\/3mna.fr\/wp-content\/uploads\/2026\/03\/Bienveillance-320x118.jpg 320w\" sizes=\"(max-width: 369px) 100vw, 369px\" \/>\t\t\t\t\t\t\t\t\t\t\t\t\t\t\t<\/div>\n\t\t\t\t<\/div>\n\t\t\t\t\t<\/div>\n\t\t<\/div>\n\t\t\t\t<div class=\"elementor-column elementor-col-50 elementor-inner-column elementor-element elementor-element-0756d17\" data-id=\"0756d17\" data-element_type=\"column\" data-e-type=\"column\">\n\t\t\t<div class=\"elementor-widget-wrap elementor-element-populated\">\n\t\t\t\t\t\t<div class=\"elementor-element elementor-element-7bcfcc7 elementor-widget elementor-widget-text-editor\" data-id=\"7bcfcc7\" data-element_type=\"widget\" data-e-type=\"widget\" data-widget_type=\"text-editor.default\">\n\t\t\t\t<div class=\"elementor-widget-container\">\n\t\t\t\t\t\t\t\t\t<h3 data-path-to-node=\"9\">L&rsquo;\u00e9panouissement et le respect<\/h3><p data-path-to-node=\"10\">Le respect de soi, des autres et des r\u00e8gles est au c\u0153ur de notre p\u00e9dagogie. Nous nous engageons \u00e0 offrir un environnement bienveillant o\u00f9 chaque athl\u00e8te peut s&rsquo;\u00e9panouir, gagner en confiance et exprimer sa cr\u00e9ativit\u00e9. Le plaisir de pratiquer reste notre plus belle victoire.<\/p>\t\t\t\t\t\t\t\t<\/div>\n\t\t\t\t<\/div>\n\t\t\t\t\t<\/div>\n\t\t<\/div>\n\t\t\t\t\t<\/div>\n\t\t<\/section>\n\t\t\t\t\t<\/div>\n\t\t<\/div>\n\t\t\t\t\t<\/div>\n\t\t<\/section>\n\t\t\t\t<section class=\"elementor-section elementor-top-section elementor-element elementor-element-94fa508 elementor-section-boxed elementor-section-height-default elementor-section-height-default\" data-id=\"94fa508\" data-element_type=\"section\" data-e-type=\"section\">\n\t\t\t\t\t\t<div class=\"elementor-container elementor-column-gap-default\">\n\t\t\t\t\t<div class=\"elementor-column elementor-col-100 elementor-top-column elementor-element elementor-element-fd0acc2\" data-id=\"fd0acc2\" data-element_type=\"column\" data-e-type=\"column\">\n\t\t\t<div class=\"elementor-widget-wrap elementor-element-populated\">\n\t\t\t\t\t\t<section class=\"elementor-section elementor-inner-section elementor-element elementor-element-4cd5b69 elementor-section-boxed elementor-section-height-default elementor-section-height-default\" data-id=\"4cd5b69\" data-element_type=\"section\" data-e-type=\"section\">\n\t\t\t\t\t\t<div class=\"elementor-container elementor-column-gap-default\">\n\t\t\t\t\t<div class=\"elementor-column elementor-col-50 elementor-inner-column elementor-element elementor-element-3ef3091\" data-id=\"3ef3091\" data-element_type=\"column\" data-e-type=\"column\">\n\t\t\t<div class=\"elementor-widget-wrap elementor-element-populated\">\n\t\t\t\t\t\t<div class=\"elementor-element elementor-element-aa9a03d elementor-widget elementor-widget-image\" data-id=\"aa9a03d\" data-element_type=\"widget\" data-e-type=\"widget\" data-widget_type=\"image.default\">\n\t\t\t\t<div class=\"elementor-widget-container\">\n\t\t\t\t\t\t\t\t\t\t\t\t\t\t\t<img loading=\"lazy\" decoding=\"async\" width=\"240\" height=\"224\" src=\"https:\/\/3mna.fr\/wp-content\/uploads\/2026\/03\/Ancrage-territorial.jpg\" class=\"attachment-large size-large wp-image-37177\" alt=\"Enagagement territorial de la natation artistique 3MNA \u00e0 Montpellier\" \/>\t\t\t\t\t\t\t\t\t\t\t\t\t\t\t<\/div>\n\t\t\t\t<\/div>\n\t\t\t\t\t<\/div>\n\t\t<\/div>\n\t\t\t\t<div class=\"elementor-column elementor-col-50 elementor-inner-column elementor-element elementor-element-f2621f8\" data-id=\"f2621f8\" data-element_type=\"column\" data-e-type=\"column\">\n\t\t\t<div class=\"elementor-widget-wrap elementor-element-populated\">\n\t\t\t\t\t\t<div class=\"elementor-element elementor-element-ecbe64f elementor-widget elementor-widget-text-editor\" data-id=\"ecbe64f\" data-element_type=\"widget\" data-e-type=\"widget\" data-widget_type=\"text-editor.default\">\n\t\t\t\t<div class=\"elementor-widget-container\">\n\t\t\t\t\t\t\t\t\t<h3 data-path-to-node=\"11\">L&rsquo;engagement territorial<\/h3><p data-path-to-node=\"12\">Fier de ses racines, le 3MNA rayonne au sein de la M\u00e9tropole et de la R\u00e9gion. Nous agissons pour la promotion du sport pour tous, l&rsquo;inclusion et le dynamisme de notre territoire, en portant haut les couleurs montpelli\u00e9raines sur la sc\u00e8ne nationale.<\/p>\t\t\t\t\t\t\t\t<\/div>\n\t\t\t\t<\/div>\n\t\t\t\t\t<\/div>\n\t\t<\/div>\n\t\t\t\t\t<\/div>\n\t\t<\/section>\n\t\t\t\t\t<\/div>\n\t\t<\/div>\n\t\t\t\t\t<\/div>\n\t\t<\/section>\n\t\t\t\t<\/div>\n\t\t","protected":false},"excerpt":{"rendered":"<p>Montpellier M\u00e9diterran\u00e9e M\u00e9tropole Natation Artistique Depuis sa cr\u00e9ation en 1998, le Montpellier M\u00e9tropole Natation Artistique s&rsquo;affirme comme l&rsquo;unique club de la m\u00e9tropole d\u00e9di\u00e9 \u00e0 cette discipline d&rsquo;exception, alliant rigueur sportive, [&hellip;]<\/p>\n","protected":false},"author":3,"featured_media":0,"parent":0,"menu_order":0,"comment_status":"closed","ping_status":"closed","template":"","meta":{"footnotes":""},"class_list":["post-58","page","type-page","status-publish","hentry"],"_links":{"self":[{"href":"https:\/\/3mna.fr\/index.php\/wp-json\/wp\/v2\/pages\/58","targetHints":{"allow":["GET"]}}],"collection":[{"href":"https:\/\/3mna.fr\/index.php\/wp-json\/wp\/v2\/pages"}],"about":[{"href":"https:\/\/3mna.fr\/index.php\/wp-json\/wp\/v2\/types\/page"}],"author":[{"embeddable":true,"href":"https:\/\/3mna.fr\/index.php\/wp-json\/wp\/v2\/users\/3"}],"replies":[{"embeddable":true,"href":"https:\/\/3mna.fr\/index.php\/wp-json\/wp\/v2\/comments?post=58"}],"version-history":[{"count":14,"href":"https:\/\/3mna.fr\/index.php\/wp-json\/wp\/v2\/pages\/58\/revisions"}],"predecessor-version":[{"id":37186,"href":"https:\/\/3mna.fr\/index.php\/wp-json\/wp\/v2\/pages\/58\/revisions\/37186"}],"wp:attachment":[{"href":"https:\/\/3mna.fr\/index.php\/wp-json\/wp\/v2\/media?parent=58"}],"curies":[{"name":"wp","href":"https:\/\/api.w.org\/{rel}","templated":true}]}}