{"id":54,"date":"2021-08-03T09:26:30","date_gmt":"2021-08-03T07:26:30","guid":{"rendered":"http:\/\/3mna.fr\/?page_id=54"},"modified":"2025-08-13T14:52:46","modified_gmt":"2025-08-13T12:52:46","slug":"adhesion-2023-2024","status":"publish","type":"page","link":"https:\/\/3mna.fr\/index.php\/adhesion-2023-2024\/","title":{"rendered":"Adhesion 2025-2026"},"content":{"rendered":"\t\t<div data-elementor-type=\"wp-post\" data-elementor-id=\"54\" class=\"elementor elementor-54\">\n\t\t\t\t\t\t<section class=\"elementor-section elementor-top-section elementor-element elementor-element-f23c51d elementor-section-boxed elementor-section-height-default elementor-section-height-default\" data-id=\"f23c51d\" data-element_type=\"section\" data-e-type=\"section\">\n\t\t\t\t\t\t<div class=\"elementor-container elementor-column-gap-default\">\n\t\t\t\t\t<div class=\"elementor-column elementor-col-100 elementor-top-column elementor-element elementor-element-37f822c\" data-id=\"37f822c\" data-element_type=\"column\" data-e-type=\"column\">\n\t\t\t<div class=\"elementor-widget-wrap elementor-element-populated\">\n\t\t\t\t\t\t<div class=\"elementor-element elementor-element-ef243c5 elementor-widget elementor-widget-heading\" data-id=\"ef243c5\" data-element_type=\"widget\" data-e-type=\"widget\" data-widget_type=\"heading.default\">\n\t\t\t\t<div class=\"elementor-widget-container\">\n\t\t\t\t\t<h2 class=\"elementor-heading-title elementor-size-default\">INSCRIPTION SAISON 2025\/2026<\/h2>\t\t\t\t<\/div>\n\t\t\t\t<\/div>\n\t\t\t\t\t<\/div>\n\t\t<\/div>\n\t\t\t\t\t<\/div>\n\t\t<\/section>\n\t\t\t\t<section class=\"elementor-section elementor-top-section elementor-element elementor-element-eccd3d4 elementor-section-boxed elementor-section-height-default elementor-section-height-default\" data-id=\"eccd3d4\" data-element_type=\"section\" data-e-type=\"section\">\n\t\t\t\t\t\t<div class=\"elementor-container elementor-column-gap-default\">\n\t\t\t\t\t<div class=\"elementor-column elementor-col-100 elementor-top-column elementor-element elementor-element-d2fc6fd\" data-id=\"d2fc6fd\" data-element_type=\"column\" data-e-type=\"column\">\n\t\t\t<div class=\"elementor-widget-wrap elementor-element-populated\">\n\t\t\t\t\t\t<div class=\"elementor-element elementor-element-6b3f66a elementor-widget-tablet__width-initial elementor-widget elementor-widget-text-editor\" data-id=\"6b3f66a\" data-element_type=\"widget\" data-e-type=\"widget\" data-widget_type=\"text-editor.default\">\n\t\t\t\t<div class=\"elementor-widget-container\">\n\t\t\t\t\t\t\t\t\t<p><strong>NOUVEAUTES 2025 2026<\/strong><\/p><ul><li><u><strong>Cr\u00e9ation d&rsquo;un cr\u00e9neau unique ONDINES.<\/strong><\/u> Demand\u00e9 par les entraineurs, ce nouveau fonctionnement permettra de cr\u00e9er une dynamique dans l&rsquo;apprentissage. Les groupes de niveau seront plus facile \u00e0 \u00e9tablir afin d&rsquo;adapter le programme et de faire \u00e9voluer les nageuses, m\u00eame en cours d&rsquo;ann\u00e9e. Une entraineur r\u00e9f\u00e9rente sera positionn\u00e9e et elle sera accompagn\u00e9e de plusieurs entraineurs ( 1 pour 8 \u00e0 10 nageuses).<\/li><\/ul><p>\u00a0 \u00a0 \u00a0 \u00a0 \u00a0 Ces entrainements b\u00e9n\u00e9ficierons \u00e9galement 1\/2h de plus \u00ab\u00a0\u00e0 sec\u00a0\u00bb + 1H30 en bassin<\/p><ul><li><u><strong>Challenge<\/strong><\/u>: Pour r\u00e9pondre \u00e0 vos demandes, nous doublons les cr\u00e9neaux Challenge afin de cr\u00e9er deux \u00e9quipes. En compl\u00e9ment, nous proposerons un cours suppl\u00e9mentaire ( 1h30 de gym et 1H30 en bassin)\u00a0aux nageuses souhaitant parfaire leur\u00a0technique et passer les \u00e9preuves de Synchronat.<\/li><\/ul><p><strong><u>TARIFS DES COTISATIONS 2025-2026 (licence\u00a0comprise)*\u00a0:<\/u><\/strong><\/p><p>Le 3MNA \u00e9tant un club labellis\u00e9 FFN formateur, <strong>l\u2019adh\u00e9sion \u00e0 la FFN est obligatoire<\/strong><\/p><p><strong>Natation Artistique Loisirs :<\/strong><\/p><ul><li>Loisirs Poussines (2020- 2019-2018-2017*): 355 \u20ac\/an<\/li><li>Loisirs Avenirs (2017*- 2016-2015-2014-2013) : 355 \u20ac\/an<\/li><li>Loisirs Jeunes\/Ado (2013 \u00e0 2008) : 355 \u20ac\/an<\/li><li>Loisirs Adultes d\u00e9butantes (2008 et avant) : 355 \u20ac\/an<\/li><li>Loisirs Adultes confirm\u00e9es (2008 et avant) : 355 \u20ac\/an<\/li><\/ul><p><strong>Natation Artistique CHALLENGE<\/strong><\/p><p><em>Cette section offre une premi\u00e8re exp\u00e9rience de la comp\u00e9tition, permettant de d\u00e9couvrir le plaisir des \u00e9preuves sportives avec moins de contraintes techniques. 2 comp\u00e9titions max par an: 1 r\u00e9gionale en Occitanie + 1 inter-r\u00e9gionale Aquitaine ou Occitanie ; D\u00e9placements non inclus dans la cotisation.<\/em><\/p><p>La section Challenge est ouverte \u00e0 toutes les nageuses loisirs <strong>confirm\u00e9es<\/strong> de toutes les cat\u00e9gories.<br \/>L&rsquo;int\u00e9gration dans un groupe d\u00e9pend de l&rsquo;ann\u00e9e de naissance.\u00a0<\/p><ul><li>Challenge 1 (2012\/2006) : 480\u20ac\/an<\/li><li>Challenge 2\u00a0(2012\/2006) : 480\u20ac\/an<\/li><\/ul><p><strong>Nouveaut\u00e9 cette ann\u00e9e ! <\/strong><\/p><ul><li>Cours Challenge Technique Synchronat \u00a0:100\u20ac\/an\u00a0en compl\u00e9ment de la cotisation ( Attention places limit\u00e9es \u00e0 10).<\/li><\/ul><p><strong>Natation Artistique Comp\u00e9titions<\/strong><\/p><ul><li>Comp\u00e9titions Benjamines (2018-2014) : 605\u20ac\/an<\/li><li>Comp\u00e9titions Avenirs (2018-2014) : 755\u20ac\/an<\/li><li>Comp\u00e9titions Jeunes (2013-2011) : 755\u20ac\/an<\/li><li>Comp\u00e9titions Juniors (2010-2007) : 705\u20ac\/an<\/li><li>Comp\u00e9titions S\u00e9niors (2006 et avant) : 510\u20ac\/an<\/li><li>Comp\u00e9titions Master : 450\u20ac\/an<\/li><\/ul><p>* R\u00e9duction pour famille, -10% \u00e0 partir\u00a0de la 2e inscription.<\/p><p><strong><u>ADHESION EN LIGNE &#8211; COMMENT CA MARCHE?<\/u><\/strong><\/p><ol><li><strong><u>Choisir le cr\u00e9neau qui vous convient en fonction de l&rsquo;\u00e2ge et du niveau.<\/u><\/strong><ul><li>Pour les anciennes nageuses, veuillez vous r\u00e9f\u00e9rer aux ann\u00e9es not\u00e9es sur planning pour d\u00e9terminer la cat\u00e9gories\u00a0(planning disponible sur 3mna.fr).\u00a0<\/li><li><strong>Pour les nouveaux(elles) adh\u00e9rents(es), le premier cours en septembre sera consid\u00e9r\u00e9\u00a0comme un essai.\u00a0A l&rsquo;issue du cours,\u00a0 si le niveau de la nageuse ne correspond pas aux attentes du groupe, l&rsquo;entraineur prendra contact avec vous.<\/strong><\/li><\/ul><\/li><li><strong><u>R\u00e8glement de la cotisation\u00a0: deux\u00a0choix s&rsquo;offrent \u00e0 vous\u00a0:<\/u><\/strong><ul><li>Par CB\u00a0en ligne (pensez \u00e0 valider les frais de 5\u20ac)<\/li><li>Par autres moyens de paiement (ch\u00e8que, esp\u00e8ces, ch\u00e8ques vacances) =&gt;\u00a0\u00a0\u00e0 donner\u00a0avec le dossier lors des permanences de septembre 2025.<\/li><li>Nous acceptons \u00e9galement les coupons \u00ab\u00a0coup de pouce\u00a0\u00bb de la Mairie de Montpellier pour toute\u00a01ere inscription ainsi que les Pass Sport (Numero du Pass&rsquo;sport \u00e0 indiquer)<\/li><\/ul><\/li><li><strong><u>Imprimer et compl\u00e9ter les documents suivants qui vous serons envoy\u00e9 par mail:<\/u><\/strong><ul><li>Formulaire licence FFN 2025<\/li><li>Fiche liaison m\u00e9dicale<\/li><li>R\u00e8glement int\u00e9rieur<\/li><\/ul><\/li><li><strong><u>D\u00e9poser lors des permanences qui auront lieu devant les piscines lors des\u00a0entrainements de septembre\u00a0:<\/u><\/strong><ul><li>Le dossier d&rsquo;inscription compl\u00e9t\u00e9 et sign\u00e9<\/li><li>Le certificat m\u00e9dical si n\u00e9cessaire,<\/li><li>La confirmation pour Adh\u00e9sion\u00a0(re\u00e7u par mail)<\/li><li>Le re\u00e7u du paiement en ligne ou le\u00a0paiement de la cotisation par ch\u00e8que, esp\u00e8ce ou\u00a0Ch\u00e8ques Vacances<\/li><\/ul><\/li><\/ol><p>L&rsquo;inscription sera effective\u00a0qu&rsquo;\u00e0 r\u00e9ception d&rsquo;un dossier complet.<\/p>\t\t\t\t\t\t\t\t<\/div>\n\t\t\t\t<\/div>\n\t\t\t\t<div class=\"elementor-element elementor-element-ec6acda elementor-widget elementor-widget-text-editor\" data-id=\"ec6acda\" data-element_type=\"widget\" data-e-type=\"widget\" data-widget_type=\"text-editor.default\">\n\t\t\t\t<div class=\"elementor-widget-container\">\n\t\t\t\t\t\t\t\t\t<h2 style=\"text-align: center;\">On vous attend nombreux sur les bassins !<\/h2>\t\t\t\t\t\t\t\t<\/div>\n\t\t\t\t<\/div>\n\t\t\t\t<div class=\"elementor-element elementor-element-8f5da88 elementor-align-center elementor-widget elementor-widget-button\" data-id=\"8f5da88\" data-element_type=\"widget\" data-e-type=\"widget\" data-widget_type=\"button.default\">\n\t\t\t\t<div class=\"elementor-widget-container\">\n\t\t\t\t\t\t\t\t\t<div class=\"elementor-button-wrapper\">\n\t\t\t\t\t<a class=\"elementor-button elementor-button-link elementor-size-sm\" href=\"https:\/\/montpellier-nat-synchro.assoconnect.com\/collect\/description\/584949-t-adhesion-2025-2026\">\n\t\t\t\t\t\t<span class=\"elementor-button-content-wrapper\">\n\t\t\t\t\t\t\t\t\t<span class=\"elementor-button-text\">Inscription NATATION ARTISTIQUE<\/span>\n\t\t\t\t\t<\/span>\n\t\t\t\t\t<\/a>\n\t\t\t\t<\/div>\n\t\t\t\t\t\t\t\t<\/div>\n\t\t\t\t<\/div>\n\t\t\t\t\t<\/div>\n\t\t<\/div>\n\t\t\t\t\t<\/div>\n\t\t<\/section>\n\t\t\t\t<\/div>\n\t\t","protected":false},"excerpt":{"rendered":"<p>INSCRIPTION SAISON 2025\/2026 NOUVEAUTES 2025 2026 Cr\u00e9ation d&rsquo;un cr\u00e9neau unique ONDINES. Demand\u00e9 par les entraineurs, ce nouveau fonctionnement permettra de cr\u00e9er une dynamique dans l&rsquo;apprentissage. Les groupes de niveau seront [&hellip;]<\/p>\n","protected":false},"author":3,"featured_media":0,"parent":0,"menu_order":0,"comment_status":"closed","ping_status":"closed","template":"","meta":{"footnotes":""},"class_list":["post-54","page","type-page","status-publish","hentry"],"_links":{"self":[{"href":"https:\/\/3mna.fr\/index.php\/wp-json\/wp\/v2\/pages\/54","targetHints":{"allow":["GET"]}}],"collection":[{"href":"https:\/\/3mna.fr\/index.php\/wp-json\/wp\/v2\/pages"}],"about":[{"href":"https:\/\/3mna.fr\/index.php\/wp-json\/wp\/v2\/types\/page"}],"author":[{"embeddable":true,"href":"https:\/\/3mna.fr\/index.php\/wp-json\/wp\/v2\/users\/3"}],"replies":[{"embeddable":true,"href":"https:\/\/3mna.fr\/index.php\/wp-json\/wp\/v2\/comments?post=54"}],"version-history":[{"count":78,"href":"https:\/\/3mna.fr\/index.php\/wp-json\/wp\/v2\/pages\/54\/revisions"}],"predecessor-version":[{"id":3357,"href":"https:\/\/3mna.fr\/index.php\/wp-json\/wp\/v2\/pages\/54\/revisions\/3357"}],"wp:attachment":[{"href":"https:\/\/3mna.fr\/index.php\/wp-json\/wp\/v2\/media?parent=54"}],"curies":[{"name":"wp","href":"https:\/\/api.w.org\/{rel}","templated":true}]}}