{"id":48,"date":"2018-08-13T19:10:51","date_gmt":"2018-08-13T17:10:51","guid":{"rendered":"http:\/\/3mna.fr\/?page_id=48"},"modified":"2025-07-29T16:51:04","modified_gmt":"2025-07-29T14:51:04","slug":"saison-2022-2023","status":"publish","type":"page","link":"https:\/\/3mna.fr\/index.php\/saison-2022-2023\/","title":{"rendered":"Saison 2025\/2026"},"content":{"rendered":"\t\t<div data-elementor-type=\"wp-post\" data-elementor-id=\"48\" class=\"elementor elementor-48\">\n\t\t\t\t\t\t<section class=\"elementor-section elementor-top-section elementor-element elementor-element-c834a01 elementor-section-boxed elementor-section-height-default elementor-section-height-default\" data-id=\"c834a01\" data-element_type=\"section\" data-e-type=\"section\">\n\t\t\t\t\t\t<div class=\"elementor-container elementor-column-gap-default\">\n\t\t\t\t\t<div class=\"elementor-column elementor-col-100 elementor-top-column elementor-element elementor-element-d00f4fb\" data-id=\"d00f4fb\" data-element_type=\"column\" data-e-type=\"column\">\n\t\t\t<div class=\"elementor-widget-wrap elementor-element-populated\">\n\t\t\t\t\t\t<div class=\"elementor-element elementor-element-c19ede8 elementor-widget elementor-widget-heading\" data-id=\"c19ede8\" data-element_type=\"widget\" data-e-type=\"widget\" data-widget_type=\"heading.default\">\n\t\t\t\t<div class=\"elementor-widget-container\">\n\t\t\t\t\t<h1 class=\"elementor-heading-title elementor-size-default\">INSCRIPTION SAISON 2025\/2026<\/h1>\t\t\t\t<\/div>\n\t\t\t\t<\/div>\n\t\t\t\t<div class=\"elementor-element elementor-element-7371409 elementor-widget elementor-widget-heading\" data-id=\"7371409\" data-element_type=\"widget\" data-e-type=\"widget\" data-widget_type=\"heading.default\">\n\t\t\t\t<div class=\"elementor-widget-container\">\n\t\t\t\t\t<h2 class=\"elementor-heading-title elementor-size-default\">Les inscriptions sont ouvertes !<\/h2>\t\t\t\t<\/div>\n\t\t\t\t<\/div>\n\t\t\t\t<div class=\"elementor-element elementor-element-77bca7a elementor-widget elementor-widget-spacer\" data-id=\"77bca7a\" data-element_type=\"widget\" data-e-type=\"widget\" data-widget_type=\"spacer.default\">\n\t\t\t\t<div class=\"elementor-widget-container\">\n\t\t\t\t\t\t\t<div class=\"elementor-spacer\">\n\t\t\t<div class=\"elementor-spacer-inner\"><\/div>\n\t\t<\/div>\n\t\t\t\t\t\t<\/div>\n\t\t\t\t<\/div>\n\t\t\t\t\t<\/div>\n\t\t<\/div>\n\t\t\t\t\t<\/div>\n\t\t<\/section>\n\t\t\t\t<section class=\"elementor-section elementor-top-section elementor-element elementor-element-8417721 elementor-section-boxed elementor-section-height-default elementor-section-height-default\" data-id=\"8417721\" data-element_type=\"section\" data-e-type=\"section\">\n\t\t\t\t\t\t<div class=\"elementor-container elementor-column-gap-default\">\n\t\t\t\t\t<div class=\"elementor-column elementor-col-100 elementor-top-column elementor-element elementor-element-f576e1d\" data-id=\"f576e1d\" data-element_type=\"column\" data-e-type=\"column\">\n\t\t\t<div class=\"elementor-widget-wrap elementor-element-populated\">\n\t\t\t\t\t\t<div class=\"elementor-element elementor-element-69234c7 elementor-widget elementor-widget-text-editor\" data-id=\"69234c7\" data-element_type=\"widget\" data-e-type=\"widget\" data-widget_type=\"text-editor.default\">\n\t\t\t\t<div class=\"elementor-widget-container\">\n\t\t\t\t\t\t\t\t\t<p><strong><u>ADHESION EN LIGNE &#8211; COMMENT CA MARCHE?<\/u><\/strong><\/p><ol><li><strong><u>Choisir le cr\u00e9neau qui vous convient en fonction de l&rsquo;\u00e2ge et du niveau.<\/u><\/strong><ul><li>Pour les anciennes nageuses, veuillez vous r\u00e9f\u00e9rer aux ann\u00e9es not\u00e9es sur planning pour d\u00e9terminer la cat\u00e9gories\u00a0(planning disponible sur 3mna.fr).\u00a0<\/li><li><strong>Pour les nouveaux(elles) adh\u00e9rents(es), le premier cours en septembre sera consid\u00e9r\u00e9\u00a0comme un essai.\u00a0A l&rsquo;issue du cours,\u00a0 si le niveau de la nageuse ne correspond pas aux attentes du groupe, l&rsquo;entraineur prendra contact avec vous.<\/strong><\/li><\/ul><\/li><li><strong><u>R\u00e8glement de la cotisation\u00a0: deux\u00a0choix s&rsquo;offrent \u00e0 vous\u00a0:<\/u><\/strong><ul><li>Par CB\u00a0en ligne (pensez \u00e0 valider les frais de 5\u20ac)<\/li><li>Par autres moyens de paiement (ch\u00e8que, esp\u00e8ces, ch\u00e8ques vacances) =&gt;\u00a0\u00a0\u00e0 donner\u00a0avec le dossier lors des permanences de septembre 2025.<\/li><li>Nous acceptons \u00e9galement les coupons \u00ab\u00a0coup de pouce\u00a0\u00bb de la Mairie de Montpellier pour toute\u00a01ere inscription ainsi que les Pass Sport (Numero du Pass&rsquo;sport \u00e0 indiquer)<\/li><\/ul><\/li><li><strong><u>Imprimer et compl\u00e9ter les documents suivants qui vous serons envoy\u00e9 par mail:<\/u><\/strong><ul><li>Formulaire licence FFN 2025<\/li><li>Fiche liaison m\u00e9dicale<\/li><li>R\u00e8glement int\u00e9rieur<\/li><\/ul><\/li><li><strong><u>D\u00e9poser lors des permanences qui auront lieu devant les piscines lors des\u00a0entrainements de septembre\u00a0:<\/u><\/strong><ul><li>Le dossier d&rsquo;inscription compl\u00e9t\u00e9 et sign\u00e9<\/li><li>Le certificat m\u00e9dical si n\u00e9cessaire,<\/li><li>La confirmation pour Adh\u00e9sion\u00a0(re\u00e7u par mail)<\/li><li>Le re\u00e7u du paiement en ligne ou le\u00a0paiement de la cotisation par ch\u00e8que, esp\u00e8ce ou\u00a0Ch\u00e8ques Vacances<\/li><\/ul><\/li><\/ol><p>L&rsquo;inscription sera effective\u00a0qu&rsquo;\u00e0 r\u00e9ception d&rsquo;un dossier complet.<\/p>\t\t\t\t\t\t\t\t<\/div>\n\t\t\t\t<\/div>\n\t\t\t\t<div class=\"elementor-element elementor-element-4f60fa8 elementor-button-success elementor-align-center elementor-widget elementor-widget-button\" data-id=\"4f60fa8\" data-element_type=\"widget\" data-e-type=\"widget\" data-widget_type=\"button.default\">\n\t\t\t\t<div class=\"elementor-widget-container\">\n\t\t\t\t\t\t\t\t\t<div class=\"elementor-button-wrapper\">\n\t\t\t\t\t<a class=\"elementor-button elementor-button-link elementor-size-md\" href=\"https:\/\/montpellier-nat-synchro.assoconnect.com\/collect\/description\/584949-t-adhesion-2025-2026\" target=\"_blank\">\n\t\t\t\t\t\t<span class=\"elementor-button-content-wrapper\">\n\t\t\t\t\t\t\t\t\t<span class=\"elementor-button-text\">Inscription NATATION ARTISTIQUE<\/span>\n\t\t\t\t\t<\/span>\n\t\t\t\t\t<\/a>\n\t\t\t\t<\/div>\n\t\t\t\t\t\t\t\t<\/div>\n\t\t\t\t<\/div>\n\t\t\t\t<div class=\"elementor-element elementor-element-196e941 elementor-widget elementor-widget-text-editor\" data-id=\"196e941\" data-element_type=\"widget\" data-e-type=\"widget\" data-widget_type=\"text-editor.default\">\n\t\t\t\t<div class=\"elementor-widget-container\">\n\t\t\t\t\t\t\t\t\t<h5>Attention : il est conseill\u00e9 d&rsquo;utiliser le navigateur Chrome pour faire votre inscription quelque soit l&rsquo;appareil utilis\u00e9 (ordinateur type PC, Apple, mobile type Android, Iphone)<\/h5>\t\t\t\t\t\t\t\t<\/div>\n\t\t\t\t<\/div>\n\t\t\t\t\t<\/div>\n\t\t<\/div>\n\t\t\t\t\t<\/div>\n\t\t<\/section>\n\t\t\t\t<section class=\"elementor-section elementor-top-section elementor-element elementor-element-a89648b elementor-section-boxed elementor-section-height-default elementor-section-height-default\" data-id=\"a89648b\" data-element_type=\"section\" data-e-type=\"section\">\n\t\t\t\t\t\t<div class=\"elementor-container elementor-column-gap-default\">\n\t\t\t\t\t<div class=\"elementor-column elementor-col-100 elementor-top-column elementor-element elementor-element-e498ea1\" data-id=\"e498ea1\" data-element_type=\"column\" data-e-type=\"column\">\n\t\t\t<div class=\"elementor-widget-wrap elementor-element-populated\">\n\t\t\t\t\t\t<div class=\"elementor-element elementor-element-9af8449 elementor-widget elementor-widget-image\" data-id=\"9af8449\" data-element_type=\"widget\" data-e-type=\"widget\" data-widget_type=\"image.default\">\n\t\t\t\t<div class=\"elementor-widget-container\">\n\t\t\t\t\t\t\t\t\t\t\t\t\t\t\t<img fetchpriority=\"high\" decoding=\"async\" width=\"640\" height=\"350\" src=\"https:\/\/3mna.fr\/wp-content\/uploads\/2024\/06\/3MNA-Championnats-France-Juniors-640x350.jpg\" class=\"attachment-medium size-medium wp-image-3064\" alt=\"\" srcset=\"https:\/\/3mna.fr\/wp-content\/uploads\/2024\/06\/3MNA-Championnats-France-Juniors-640x350.jpg 640w, https:\/\/3mna.fr\/wp-content\/uploads\/2024\/06\/3MNA-Championnats-France-Juniors-1024x560.jpg 1024w, https:\/\/3mna.fr\/wp-content\/uploads\/2024\/06\/3MNA-Championnats-France-Juniors-320x175.jpg 320w, https:\/\/3mna.fr\/wp-content\/uploads\/2024\/06\/3MNA-Championnats-France-Juniors.jpg 1035w\" sizes=\"(max-width: 640px) 100vw, 640px\" \/>\t\t\t\t\t\t\t\t\t\t\t\t\t\t\t<\/div>\n\t\t\t\t<\/div>\n\t\t\t\t\t<\/div>\n\t\t<\/div>\n\t\t\t\t\t<\/div>\n\t\t<\/section>\n\t\t\t\t<\/div>\n\t\t","protected":false},"excerpt":{"rendered":"<p>INSCRIPTION SAISON 2025\/2026 Les inscriptions sont ouvertes ! ADHESION EN LIGNE &#8211; COMMENT CA MARCHE? Choisir le cr\u00e9neau qui vous convient en fonction de l&rsquo;\u00e2ge et du niveau. Pour les [&hellip;]<\/p>\n","protected":false},"author":3,"featured_media":0,"parent":0,"menu_order":0,"comment_status":"closed","ping_status":"closed","template":"","meta":{"footnotes":""},"class_list":["post-48","page","type-page","status-publish","hentry"],"_links":{"self":[{"href":"https:\/\/3mna.fr\/index.php\/wp-json\/wp\/v2\/pages\/48","targetHints":{"allow":["GET"]}}],"collection":[{"href":"https:\/\/3mna.fr\/index.php\/wp-json\/wp\/v2\/pages"}],"about":[{"href":"https:\/\/3mna.fr\/index.php\/wp-json\/wp\/v2\/types\/page"}],"author":[{"embeddable":true,"href":"https:\/\/3mna.fr\/index.php\/wp-json\/wp\/v2\/users\/3"}],"replies":[{"embeddable":true,"href":"https:\/\/3mna.fr\/index.php\/wp-json\/wp\/v2\/comments?post=48"}],"version-history":[{"count":127,"href":"https:\/\/3mna.fr\/index.php\/wp-json\/wp\/v2\/pages\/48\/revisions"}],"predecessor-version":[{"id":3312,"href":"https:\/\/3mna.fr\/index.php\/wp-json\/wp\/v2\/pages\/48\/revisions\/3312"}],"wp:attachment":[{"href":"https:\/\/3mna.fr\/index.php\/wp-json\/wp\/v2\/media?parent=48"}],"curies":[{"name":"wp","href":"https:\/\/api.w.org\/{rel}","templated":true}]}}